{"id":7120,"date":"2025-01-14T19:33:56","date_gmt":"2025-01-14T18:33:56","guid":{"rendered":"https:\/\/www.vrza.nl\/wp\/?page_id=7120"},"modified":"2025-01-15T12:25:34","modified_gmt":"2025-01-15T11:25:34","slug":"locatorcontest","status":"publish","type":"page","link":"https:\/\/www.vrza.nl\/wp\/wedstrijden\/locatorcontest\/","title":{"rendered":"Locatorcontest"},"content":{"rendered":"<p><strong>Reglement Nederlandse Locatorcontest 2025:<br \/>\n<\/strong>Doel van deze contest is het werken en\/of activeren van zoveel mogelijk verschillende QTH locators (6 karakters bijv. JO22MM) die voorkomen op het vasteland of op de eilanden binnen de Nederlandse grenzen, inclusief de Nederlandse gemeenten Bonaire, Saba en St Eustatius.<\/p>\n<p><strong>Deelnemers:<br \/>\n<\/strong>Alle gelicenseerde radiozendamateurs en luisteramateurs.<\/p>\n<p><strong>Datum en tijden:<br \/>\n<\/strong>De contest wordt gehouden op elke 2e dinsdag van de maand, van 20.00 uur tot 23.00 uur Nederlandse lokale tijd (wintertijd 19.00-22.00 UTC, zomertijd 18.00-21.00 UTC). De contest heeft een looptijd van een kalenderjaar.<\/p>\n<p><strong>Deelname:<\/strong><\/p>\n<ol>\n<li>Single operator (1 mans station). Alle handelingen worden door een en dezelfde persoon verricht.<\/li>\n<li>Multi operator (meer mans station). Een volledige lijst van namen en roepletters van de deelnemers moet worden vermeld op het contest formulier.<\/li>\n<li>Luisterstations (SWL\u2019s). Luisterstations mogen op \u00e9\u00e9n band met \u00e9\u00e9n ontvanger werken. Het is niet toegestaan om op meerdere banden gelijktijdig te luisteren. In het log duidelijk aangeven wanneer wordt overgegaan naar een andere band.<\/li>\n<li>Banden VHF 6, 4 en 2 meter, UHF 70cm en hoger.<\/li>\n<li>Toegestane modes zijn FM, SSB en CW.<\/li>\n<\/ol>\n<p><strong>Frequenties:<br \/>\n<\/strong>Alle verbindingen dienen plaats te vinden binnen de gestelde regels van het IARU region 1 bandplan.<br \/>\nHet gebruik van repeaters en satellieten is niet toegestaan.<\/p>\n<p><strong>Categorie\u00ebn:<\/strong><br \/>\nSectie A: multi operator, multi band<br \/>\nSectie B: single operator, multi band<br \/>\nSectie C: multi operator, single band<br \/>\nSectie D: single operator, single band<br \/>\nSectie E: SWL&#8217;s<br \/>\nSectie F: operators van de BES eilanden<strong><br \/>\n<\/strong><\/p>\n<p><strong>Uitwisselen:<br \/>\n<\/strong>R.S.(T) + volgnummer + QTH locator (alle 6 karakters)<\/p>\n<p>Volgnummers beginnen met 001, in sectie A en B mag doorgenummerd worden. <strong>Logs moeten <\/strong><br \/>\n<strong>altijd gescheiden per band worden aangeleverd.<\/strong> De plaats van de antenne is bepalend voor de QTH locator. Een station mag maar 1x per band worden gewerkt.<\/p>\n<p><strong> QSO-punten:<\/strong><br \/>\n1 punt voor elk verschillend gewerkt station<br \/>\nMultipliers:<br \/>\nIedere verschillend gewerkte QTH locator binnen de Nederlandse grenzen geteld per band.<\/p>\n<p><strong>QSO-punten SWL:<\/strong><br \/>\nAls bij de gelicenseerde stations, maar lees gehoord voor gewerkt. Een station mag maximaal 3 keer<br \/>\nper band in het log voor komen. (zie apart reglement, aan te vragen bij de contestmanager)<\/p>\n<p><strong>Multipliers SWL:<\/strong><br \/>\nAls bij de gelicenseerde stations, maar lees gehoord voor gewerkt.<br \/>\n<strong><br \/>\nScore single band:<\/strong><br \/>\nDe som van QSO-punten x het aantal multipliers.<br \/>\n<strong><br \/>\nScore multi band:<\/strong><br \/>\nDe som van het totaal aantal QSO-punten van de verschillende banden x de som van het totaal van<br \/>\nde multipliers van de verschillende banden.<br \/>\n<strong><br \/>\nEindscore:<\/strong><br \/>\nDe eindscore is de som van maximaal 11 maandelijkse inzendingen. Indien een station aan alle 12<br \/>\nmaandelijkse contests heeft deelgenomen, vervalt de contest met de laagste maandscore.<br \/>\n<strong><br \/>\nLogs:<\/strong><br \/>\nZend een log in waarbij de verbindingen per band gescheiden zijn. Op het log moet minstens<br \/>\nvermeld staan: tijd, call, verzonden rapport inclusief volgnummer, ontvangen rapport inclusief<br \/>\nvolgnummer, ontvangen QTH-loc, multipliers.<br \/>\n<strong><br \/>\nDe prijzen:<\/strong><br \/>\nAlleen stations die aan tenminste 8 contests hebben deelgenomen komen hiervoor in aanmerking.<br \/>\n\u2022 De nummers 1 per sectie ontvangen een medaille.<br \/>\n\u2022 De nummers 2 per sectie ontvangen bij deelname van tenminste 5 stations een medaille.<br \/>\n\u2022 De nummers 3 per sectie ontvangen bij deelname van tenminste 10 stations een medaille.<br \/>\n\u2022 Alle andere nummers 1, 2 en 3 ontvangen een certificaat.<br \/>\n\u2022 Alle overige stations ontvangen bij deelname aan tenminste 8 contests een certificaat van<br \/>\ndeelname.<br \/>\n<strong><br \/>\nVoorblad (Summary sheet)<\/strong><br \/>\nOp het voorblad moet tenminste worden vermeld:<br \/>\n\u2022 de roepnaam van het deelnemende station<br \/>\n\u2022 de datum van de contest<br \/>\n\u2022 de band waarop de verbindingen zijn gemaakt<br \/>\n\u2022 de sectie waarin wordt deelgenomen<br \/>\n\u2022 de QTH locator van het deelnemende station<br \/>\n\u2022 het aantal QSO\u2019s per band<br \/>\n\u2022 het aantal QSO punten per band<br \/>\n\u2022 het aantal multipliers per band<br \/>\n\u2022 de totaal score (het totaal van de QSO punten x het totaal van de multipliers)<br \/>\n\u2022 de naam en roepletters + volledig adres van de 1e operator<br \/>\n\u2022 bij multi-operators: de naam en roepletters van de overige operators<br \/>\n\u2022 indien lid van een VRZA afdeling aangeven bij welke afdeling men is ingedeeld.<br \/>\n\u2022 een verklaring dat men zich heeft gehouden aan de machtigingsvoorwaarden en aan het contest regelement.<\/p>\n<p><strong>Contest reglement:<\/strong><br \/>\nDit geheel ondertekenen met handtekening bij een papieren log, of met roepletters en voorletters<br \/>\nplus achternaam bij een elektronisch log.<\/p>\n<p>Papieren logs verzenden naar: K. Mijnders, Schippersweg 28, 4455 VP Nieuwdorp.<br \/>\nElektronisch log verzenden naar: <a href=\"mailto:contestmanager@vrza.nl\">contestmanager@vrza.nl<\/a><\/p>\n<p>Logs dienen binnen 2 weken na de contest door de contest manager ontvangen te zijn.<br \/>\nIn alles waarin dit reglement niet voorziet beslist de contestmanager.<\/p>\n","protected":false},"excerpt":{"rendered":"<p>Reglement Nederlandse Locatorcontest 2025: Doel van deze contest is het werken en\/of activeren van zoveel mogelijk verschillende QTH locators (6 karakters bijv. JO22MM) die voorkomen op het vasteland of op de eilanden binnen de Nederlandse grenzen, inclusief de Nederlandse gemeenten Bonaire, Saba en St Eustatius. Deelnemers: Alle gelicenseerde radiozendamateurs en\u2026<\/p>\n<p class=\"continue-reading-button\"> <a class=\"continue-reading-link\" href=\"https:\/\/www.vrza.nl\/wp\/wedstrijden\/locatorcontest\/\">Lees verder<i class=\"crycon-right-dir\"><\/i><\/a><\/p>\n","protected":false},"author":24,"featured_media":0,"parent":83,"menu_order":0,"comment_status":"closed","ping_status":"closed","template":"","meta":{"footnotes":""},"class_list":["post-7120","page","type-page","status-publish","hentry"],"_links":{"self":[{"href":"https:\/\/www.vrza.nl\/wp\/wp-json\/wp\/v2\/pages\/7120","targetHints":{"allow":["GET"]}}],"collection":[{"href":"https:\/\/www.vrza.nl\/wp\/wp-json\/wp\/v2\/pages"}],"about":[{"href":"https:\/\/www.vrza.nl\/wp\/wp-json\/wp\/v2\/types\/page"}],"author":[{"embeddable":true,"href":"https:\/\/www.vrza.nl\/wp\/wp-json\/wp\/v2\/users\/24"}],"replies":[{"embeddable":true,"href":"https:\/\/www.vrza.nl\/wp\/wp-json\/wp\/v2\/comments?post=7120"}],"version-history":[{"count":13,"href":"https:\/\/www.vrza.nl\/wp\/wp-json\/wp\/v2\/pages\/7120\/revisions"}],"predecessor-version":[{"id":7136,"href":"https:\/\/www.vrza.nl\/wp\/wp-json\/wp\/v2\/pages\/7120\/revisions\/7136"}],"up":[{"embeddable":true,"href":"https:\/\/www.vrza.nl\/wp\/wp-json\/wp\/v2\/pages\/83"}],"wp:attachment":[{"href":"https:\/\/www.vrza.nl\/wp\/wp-json\/wp\/v2\/media?parent=7120"}],"curies":[{"name":"wp","href":"https:\/\/api.w.org\/{rel}","templated":true}]}}